{"id":5994,"date":"2016-07-26T16:51:07","date_gmt":"2016-07-26T14:51:07","guid":{"rendered":"http:\/\/www.fho.bim.name\/it\/?page_id=5994"},"modified":"2017-11-27T11:42:40","modified_gmt":"2017-11-27T10:42:40","slug":"home","status":"publish","type":"page","link":"https:\/\/www.fho.bz.it\/it\/","title":{"rendered":"Home"},"content":{"rendered":"<div class=\"wpb-content-wrapper\">[vc_row][vc_column][mk_padding_divider size=&#8221;20&#8243;][\/vc_column][\/vc_row][mk_page_section bg_image=&#8221;https:\/\/www.fho.bz.it\/heiz2_\/wp-content\/uploads\/startfoto-fho2.jpg&#8221; bg_position=&#8221;center center&#8221; bg_stretch=&#8221;true&#8221; video_loop=&#8221;false&#8221; video_color_mask=&#8221;#329c32&#8243; video_opacity=&#8221;0.2&#8243; min_height=&#8221;0&#8243; padding_top=&#8221;0&#8243; padding_bottom=&#8221;0&#8243; top_shape_color=&#8221;#ffffff&#8221; bottom_shape_style=&#8221;folded-bottom&#8221; bottom_shape_size=&#8221;small&#8221; bottom_shape_color=&#8221;#ffffff&#8221; el_class=&#8221;big-image-home2&#8243; sidebar=&#8221;sidebar-1&#8243; first_page=&#8221;false&#8221; last_page=&#8221;false&#8221;][vc_column][mk_fancy_title color=&#8221;#ffffff&#8221; size=&#8221;45&#8243; force_font_size=&#8221;true&#8221; size_tablet=&#8221;40&#8243; size_phone=&#8221;30&#8243; font_weight=&#8221;bold&#8221; margin_bottom=&#8221;0&#8243; font_family=&#8221;Raleway&#8221; font_type=&#8221;google&#8221; align=&#8221;center&#8221;]Per rispetto per l&#8217;ambiente\u00a0&#8230;[\/mk_fancy_title][\/vc_column][\/mk_page_section][vc_row][vc_column][mk_padding_divider][mk_fancy_title color=&#8221;#329c32&#8243; size=&#8221;36&#8243; force_font_size=&#8221;true&#8221; size_tablet=&#8221;32&#8243; size_phone=&#8221;26&#8243; font_weight=&#8221;bold&#8221; txt_transform=&#8221;uppercase&#8221; margin_top=&#8221;60&#8243; margin_bottom=&#8221;10&#8243; font_family=&#8221;Roboto+Slab&#8221; font_type=&#8221;google&#8221; align=&#8221;center&#8221;]La centrale di teleriscaldamento Valdaora[\/mk_fancy_title][vc_column_text align=&#8221;center&#8221;]<strong>La centrale di teleriscaldamento di Valdaora fornisce energia ecologica a Valdaora di sopra, di sotto e di mezzo, e alla frazione di Geiselsberg.<\/strong><\/p>\n<p>Sia la popolazione in generale che gli operatori turistici in particolare sono molto consapevoli dello straordinario valore di un paesaggio e di un ambiente intatti. La centrale di teleriscaldamento di Valdaora contribuisce quindi in notevole misura alla loro tutela e al loro mantenimento.<\/p>\n<p><strong>Con una quota di mercato di circa il 90% a Valdaora, il nostro obiettivo principale non \u00e8 la crescita, bens\u00ec il mantenimento e il costante miglioramento della qualit\u00e0 del servizio, rimanendo aperti nei confronti delle nuove possibilit\u00e0 date dalla tecnologia.<\/strong>[\/vc_column_text][mk_padding_divider size=&#8221;60&#8243;][\/vc_column][\/vc_row][vc_row][vc_column width=&#8221;1\/4&#8243;][mk_icon_box2 icon_size=&#8221;48&#8243; icon=&#8221;mk-li-lamp&#8221; icon_color=&#8221;#329c32&#8243; icon_border_color=&#8221;#d1d1d1&#8243; icon_hover_color=&#8221;#ffffff&#8221; icon_hover_background_color=&#8221;#329c32&#8243; title=&#8221;Info&#8221; read_more_url=&#8221;\/it\/centrale-termica\/&#8221;]Informazioni interessanti sulla centrale di teleriscaldamento[\/mk_icon_box2][\/vc_column][vc_column width=&#8221;1\/4&#8243;][mk_icon_box2 icon_size=&#8221;48&#8243; icon=&#8221;mk-li-rocket&#8221; icon_color=&#8221;#ffffff&#8221; icon_background_color=&#8221;#329c32&#8243; icon_border_color=&#8221;#d1d1d1&#8243; icon_hover_color=&#8221;#000000&#8243; icon_hover_background_color=&#8221;#329c32&#8243; title=&#8221;Fibra ottica&#8221; read_more_url=&#8221;\/it\/fibra-ottica\/&#8221;]Tutte le informazioni[\/mk_icon_box2][\/vc_column][vc_column width=&#8221;1\/4&#8243;][mk_icon_box2 icon_size=&#8221;48&#8243; icon=&#8221;mk-li-user&#8221; icon_color=&#8221;#329c32&#8243; icon_border_color=&#8221;#d1d1d1&#8243; icon_hover_color=&#8221;#ffffff&#8221; icon_hover_background_color=&#8221;#329c32&#8243; title=&#8221;Clienti&#8221; read_more_url=&#8221;\/it\/clienti\/&#8221;]All&#8217;area clienti[\/mk_icon_box2][\/vc_column][vc_column width=&#8221;1\/4&#8243;][mk_icon_box2 icon_size=&#8221;48&#8243; icon=&#8221;mk-li-comments&#8221; icon_color=&#8221;#329c32&#8243; icon_border_color=&#8221;#d1d1d1&#8243; icon_hover_color=&#8221;#ffffff&#8221; icon_hover_background_color=&#8221;#329c32&#8243; title=&#8221;Contatto&#8221; read_more_url=&#8221;\/it\/contatto\/&#8221;]Contattateci[\/mk_icon_box2][\/vc_column][\/vc_row][vc_row][vc_column][mk_padding_divider size=&#8221;100&#8243;][\/vc_column][\/vc_row][mk_page_section bg_color=&#8221;#e8e8e8&#8243; video_loop=&#8221;false&#8221; padding_top=&#8221;0&#8243; padding_bottom=&#8221;0&#8243; top_shape_color=&#8221;#ffffff&#8221; bottom_shape_color=&#8221;#ffffff&#8221; visibility=&#8221;hidden-sm&#8221; sidebar=&#8221;sidebar-1&#8243;][vc_column width=&#8221;1\/2&#8243;][mk_fancy_title color=&#8221;#329c32&#8243; size=&#8221;32&#8243; force_font_size=&#8221;true&#8221; size_tablet=&#8221;28&#8243; size_phone=&#8221;22&#8243; font_weight=&#8221;bold&#8221; txt_transform=&#8221;none&#8221; margin_top=&#8221;80&#8243; margin_bottom=&#8221;18&#8243; font_family=&#8221;Roboto+Slab&#8221; font_type=&#8221;google&#8221; align=&#8221;right&#8221;]Avete domande?[\/mk_fancy_title][\/vc_column][vc_column width=&#8221;1\/2&#8243;][mk_button dimension=&#8221;flat&#8221; corner_style=&#8221;full_rounded&#8221; size=&#8221;medium&#8221; url=&#8221;\/it\/contatto\/&#8221; margin_top=&#8221;80&#8243; margin_bottom=&#8221;80&#8243; animation=&#8221;scale-up&#8221; bg_color=&#8221;#329c32&#8243; btn_hover_bg=&#8221;#252525&#8243; btn_hover_txt_color=&#8221;#ffffff&#8221;]CONTATTATECI[\/mk_button][\/vc_column][\/mk_page_section][mk_page_section bg_image=&#8221;https:\/\/www.fho.bz.it\/heiz2_\/wp-content\/uploads\/testimonials-background-test.jpg&#8221; bg_position=&#8221;center center&#8221; bg_repeat=&#8221;no-repeat&#8221; bg_stretch=&#8221;true&#8221; video_loop=&#8221;false&#8221; video_color_mask=&#8221;#262626&#8243; video_opacity=&#8221;0.5&#8243; min_height=&#8221;450&#8243; padding_top=&#8221;0&#8243; padding_bottom=&#8221;0&#8243; visibility=&#8221;hidden-sm&#8221; sidebar=&#8221;sidebar-1&#8243; first_page=&#8221;false&#8221; last_page=&#8221;false&#8221;][vc_column][mk_padding_divider size=&#8221;100&#8243;][mk_fancy_title tag_name=&#8221;h4&#8243; color=&#8221;#ffffff&#8221; size=&#8221;36&#8243; font_weight=&#8221;bold&#8221; txt_transform=&#8221;uppercase&#8221; margin_top=&#8221;-40&#8243; margin_bottom=&#8221;40&#8243; font_family=&#8221;Roboto+Slab&#8221; font_type=&#8221;google&#8221; align=&#8221;center&#8221;]Una storia di successo\u00a0&#8230;[\/mk_fancy_title][mk_testimonials style=&#8221;simple&#8221; skin=&#8221;light&#8221; count=&#8221;2&#8243; orderby=&#8221;post__in&#8221; testimonials=&#8221;6042, 6044&#8243;][mk_padding_divider size=&#8221;100&#8243;][\/vc_column][\/mk_page_section]\n<\/div>","protected":false},"excerpt":{"rendered":"<p>[vc_row][vc_column][mk_padding_divider size=&#8221;20&#8243;][\/vc_column][\/vc_row][mk_page_section bg_image=&#8221;https:\/\/www.fho.bz.it\/heiz2_\/wp-content\/uploads\/startfoto-fho2.jpg&#8221; bg_position=&#8221;center center&#8221; bg_stretch=&#8221;true&#8221; video_loop=&#8221;false&#8221; video_color_mask=&#8221;#329c32&#8243; video_opacity=&#8221;0.2&#8243; min_height=&#8221;0&#8243; padding_top=&#8221;0&#8243; padding_bottom=&#8221;0&#8243; top_shape_color=&#8221;#ffffff&#8221; bottom_shape_style=&#8221;folded-bottom&#8221; bottom_shape_size=&#8221;small&#8221; bottom_shape_color=&#8221;#ffffff&#8221; el_class=&#8221;big-image-home2&#8243; sidebar=&#8221;sidebar-1&#8243; first_page=&#8221;false&#8221; last_page=&#8221;false&#8221;][vc_column][mk_fancy_title color=&#8221;#ffffff&#8221; size=&#8221;45&#8243; force_font_size=&#8221;true&#8221; size_tablet=&#8221;40&#8243; size_phone=&#8221;30&#8243; font_weight=&#8221;bold&#8221; margin_bottom=&#8221;0&#8243; font_family=&#8221;Raleway&#8221; font_type=&#8221;google&#8221; align=&#8221;center&#8221;]Per rispetto per l&#8217;ambiente\u00a0&#8230;[\/mk_fancy_title][\/vc_column][\/mk_page_section][vc_row][vc_column][mk_padding_divider][mk_fancy_title color=&#8221;#329c32&#8243; size=&#8221;36&#8243; force_font_size=&#8221;true&#8221; size_tablet=&#8221;32&#8243; size_phone=&#8221;26&#8243; font_weight=&#8221;bold&#8221; txt_transform=&#8221;uppercase&#8221; margin_top=&#8221;60&#8243; margin_bottom=&#8221;10&#8243; font_family=&#8221;Roboto+Slab&#8221; font_type=&#8221;google&#8221; align=&#8221;center&#8221;]La centrale di teleriscaldamento Valdaora[\/mk_fancy_title][vc_column_text align=&#8221;center&#8221;]La centrale di teleriscaldamento di Valdaora [&hellip;]<\/p>\n","protected":false},"author":1,"featured_media":0,"parent":0,"menu_order":0,"comment_status":"open","ping_status":"closed","template":"","meta":{"footnotes":""},"class_list":["post-5994","page","type-page","status-publish","hentry"],"_links":{"self":[{"href":"https:\/\/www.fho.bz.it\/it\/wp-json\/wp\/v2\/pages\/5994","targetHints":{"allow":["GET"]}}],"collection":[{"href":"https:\/\/www.fho.bz.it\/it\/wp-json\/wp\/v2\/pages"}],"about":[{"href":"https:\/\/www.fho.bz.it\/it\/wp-json\/wp\/v2\/types\/page"}],"author":[{"embeddable":true,"href":"https:\/\/www.fho.bz.it\/it\/wp-json\/wp\/v2\/users\/1"}],"replies":[{"embeddable":true,"href":"https:\/\/www.fho.bz.it\/it\/wp-json\/wp\/v2\/comments?post=5994"}],"version-history":[{"count":5,"href":"https:\/\/www.fho.bz.it\/it\/wp-json\/wp\/v2\/pages\/5994\/revisions"}],"predecessor-version":[{"id":6220,"href":"https:\/\/www.fho.bz.it\/it\/wp-json\/wp\/v2\/pages\/5994\/revisions\/6220"}],"wp:attachment":[{"href":"https:\/\/www.fho.bz.it\/it\/wp-json\/wp\/v2\/media?parent=5994"}],"curies":[{"name":"wp","href":"https:\/\/api.w.org\/{rel}","templated":true}]}}