{"id":5988,"date":"2016-07-22T16:29:48","date_gmt":"2016-07-22T14:29:48","guid":{"rendered":"http:\/\/www.fho.bim.name\/it\/?page_id=5988"},"modified":"2016-09-21T13:52:25","modified_gmt":"2016-09-21T11:52:25","slug":"centrale-termica","status":"publish","type":"page","link":"https:\/\/www.fho.bz.it\/it\/centrale-termica\/","title":{"rendered":"Centrale termica"},"content":{"rendered":"<div class=\"wpb-content-wrapper\">[vc_row][vc_column][mk_padding_divider size=&#8221;20&#8243;][\/vc_column][\/vc_row][mk_page_section bg_image=&#8221;https:\/\/www.fho.bz.it\/heiz2_\/wp-content\/uploads\/fernheiwerk-olang-werk-aussen2-1.jpg&#8221; bg_position=&#8221;center center&#8221; bg_repeat=&#8221;no-repeat&#8221; bg_stretch=&#8221;true&#8221; video_loop=&#8221;false&#8221; video_opacity=&#8221;0&#8243; min_height=&#8221;0&#8243; padding_top=&#8221;0&#8243; padding_bottom=&#8221;0&#8243; el_class=&#8221;big-image&#8221; sidebar=&#8221;sidebar-1&#8243; first_page=&#8221;false&#8221; last_page=&#8221;false&#8221;][vc_column][\/vc_column][\/mk_page_section][vc_row][vc_column][mk_padding_divider][mk_fancy_title color=&#8221;#329c32&#8243; size=&#8221;36&#8243; force_font_size=&#8221;true&#8221; size_tablet=&#8221;32&#8243; size_phone=&#8221;26&#8243; font_weight=&#8221;bold&#8221; txt_transform=&#8221;uppercase&#8221; margin_top=&#8221;60&#8243; margin_bottom=&#8221;50&#8243; font_family=&#8221;Roboto+Slab&#8221; font_type=&#8221;google&#8221; align=&#8221;center&#8221; animation=&#8221;fade-in&#8221;]Dati tecnici della centrale di teleriscaldamento[\/mk_fancy_title][vc_row_inner][vc_column_inner][vc_column_text align=&#8221;center&#8221; margin_bottom=&#8221;50&#8243;]Con la costruzione dell\u2019impianto di teleriscaldamento negli anni 1993\/1994, il comune di Valdaora \u00e8 stato un\u00a0<strong>pioniere in Alto Adige nel disporre del pi\u00f9 grande impianto a biomasse su scala nazionale.<\/strong>\u00a0Come forma giuridica \u00e8 stata scelta una Societ\u00e0 a responsabilit\u00e0 limitata, trasformata successivamente in una S.p.A. 164 cittadini di Valdaora hanno acquistato quote della societ\u00e0.<\/p>\n<p>Il successo del teleriscaldamento \u00e8 stato enorme fin dall\u2019inizio, e nel\u00a0<strong>2012 oltre il 90%<\/strong>\u00a0degli edifici di Valdaora erano collegati alla rete. I dubbi iniziali su questo progetto futuristico sono stati spazzati via molto presto.<\/p>\n<p>Preoccupavano soprattutto i costi che si sarebbero dovuti sopportare, perch\u00e8 si temeva che i gestori potessero aumentare il prezzo a piacimento. Questo invece si \u00e8 allineato allo sviluppo di quello per le biomasse, ed \u00e8 rimasto, in un confronto sul lungo periodo, al di sotto dei livelli di apprezzamento ufficiali.<\/p>\n<p>Nel\u00a0<strong>2008<\/strong>\u00a0un\u2019ulteriore pietra miliare \u00e8 stata\u00a0<strong>l\u2019ampliamento<\/strong>\u00a0delle attivit\u00e0 con la costruzione di un nuovo capannone e con la produzione di energia elettrica da biomasse con il processo ORC (Organic-Rankine-Cycle).<\/p>\n<p>Come combustibile si utilizzano soprattutto residui di produzione delle segherie: legna sminuzzata e trucioli da segatura e piallatura.\u00a0Negli ultimi anni la quota di cippato proveniente dagli agricoltori e dalle aziende silvicole della zona \u00e8 cresciuta costantemente, e raggiunge oggi un buon 20%.<\/p>\n<p>La distribuzione del calore avviene mediante una\u00a0<strong>rete di tubazioni lunga 22 km, e raggiunge 580 clienti.<\/strong>\u00a0Ogni anno si vendono da\u00a0<strong>20 a 22 milioni di kWh di calore,<\/strong>\u00a0e si consumano ca. 60.000 srm di trucioli. Ci\u00f2 corrisponde ad un risparmio di ca. 2,5 milioni di litri di petrolio. Si <strong>risparmiano inoltre ca. 7.000 tonnellate di CO2 all\u2019anno,<\/strong>\u00a0e le emissioni di gas e fumi sono significativamente inferiori ai rigorosi valori limite fissati dalla Provincia di Bolzano.<\/p>\n<p>Nella scelta dei forni e dei materiali, i gestori hanno sempre puntato sull&#8217;elevata qualit\u00e0. Per questo sono anche orgogliosi del fatto che i forni installati nel 1994 siano ancora in funzione ed in uno stato eccellente.[\/vc_column_text][\/vc_column_inner][\/vc_row_inner][vc_row_inner][vc_column_inner width=&#8221;1\/6&#8243;][\/vc_column_inner][vc_column_inner width=&#8221;2\/3&#8243;][mk_icon_box icon=&#8221;mk-li-loupe&#8221; title=&#8221;Dati tecnici della centrale di Valdaora&#8221; text_size=&#8221;18&#8243; style=&#8221;boxed&#8221; icon_color=&#8221;#ffffff&#8221;]Potenza caldaie: <strong>3 x 4 MW<\/strong><br \/>\nCaldaia di emergenza: <strong>7 MW<\/strong><br \/>\nTotale potenza caldaie: <strong>22 MW<\/strong><br \/>\nAccumulatore di calore: <strong>120.000 litri<\/strong><br \/>\nNumero di\u00a0sottostazioni: <strong>579<\/strong><br \/>\nPotenza caldaia a gasolio: <strong>8 MW<\/strong><br \/>\nSistema di recupero del calore dai gas di scarico: <strong>1,2 MW<\/strong><br \/>\nCosti d\u2019investimento nell\u2019anno di costruzione: <strong>5,8 mio. Euro<\/strong><br \/>\nAvviamento: <strong>09.11.1994<\/strong>[\/mk_icon_box][\/vc_column_inner][vc_column_inner width=&#8221;1\/6&#8243;][\/vc_column_inner][\/vc_row_inner][\/vc_column][\/vc_row][vc_row fullwidth=&#8221;true&#8221;][vc_column][mk_divider style=&#8221;thin_solid&#8221; margin_top=&#8221;70&#8243; margin_bottom=&#8221;70&#8243;][\/vc_column][\/vc_row][vc_row][vc_column][mk_gallery images=&#8221;5858,5857,5859&#8243; height=&#8221;230&#8243; orderby=&#8221;post__in&#8221;][mk_padding_divider size=&#8221;20&#8243;][mk_fancy_title color=&#8221;#329c32&#8243; size=&#8221;36&#8243; force_font_size=&#8221;true&#8221; size_tablet=&#8221;32&#8243; size_phone=&#8221;26&#8243; font_weight=&#8221;bold&#8221; txt_transform=&#8221;uppercase&#8221; margin_top=&#8221;60&#8243; margin_bottom=&#8221;50&#8243; font_family=&#8221;Roboto+Slab&#8221; font_type=&#8221;google&#8221; align=&#8221;center&#8221; animation=&#8221;fade-in&#8221;]Obiettivi strategici \/ linee direttive[\/mk_fancy_title][vc_row_inner][vc_column_inner][vc_column_text align=&#8221;center&#8221; margin_bottom=&#8221;50&#8243;]Nella zona di utenza della rete di teleriscaldamento vogliamo essere gli interlocutori di tutti i cittadini di Valdaora per quanto riguarda il riscaldamento degli edifici con energia termica.<\/p>\n<p>L&#8217;energia viene prodotta esclusivamente con legname non trattato proveniente dalla regione, prelevato sia dalle segherie che direttamente dagli agricoltori delle zone limitrofe, secondo il contratto quadro stipulato da SEV con l&#8217;Unione Agricoltori e Coltivatori Diretti Sudtirolesi.<\/p>\n<p>Il prezzo da noi praticato dovr\u00e0 essere sempre pi\u00f9 vantaggioso di quello delle fonti di energia fossile, e l&#8217;attivit\u00e0 dovr\u00e0 essere opportunamente redditiva anche per i soci.<\/p>\n<p>Attualmente (2016) circa il 90% dei potenziali utenti \u00e8 gi\u00e0 collegato. L&#8217;obiettivo a lungo termine dovr\u00e0 essere quello di collegare tutti gli utenti, ad eccezione di quelli degli edifici CasaClima A, se non \u00e8 data la redditivit\u00e0 economica.<\/p>\n<p>I nostri impianti tecnici e la rete di distribuzione sono soggetti a continue attivit\u00e0 di manutenzione.<\/p>\n<p>La Provincia e il Comune di Valdaora sono impegnati nell&#8217;ampliare la rete in fibra ottica nel comune stesso. La centrale di teleriscaldamento di Valdaora metter\u00e0 a disposizione del Comune le guaine esistenti per la realizzazione dell'&#8221;ultimo miglio&#8221;. Il progetto dovr\u00e0 essere per\u00f2 regolamentato contrattualmente.<\/p>\n<p>La generazione di corrente e l&#8217;impianto fotovoltaico saranno considerati e percepiti come un&#8217;ulteriore occasione di profitto, e dovranno quindi essere considerati come attivit\u00e0 collaterali. Le eventuali ulteriori opportunit\u00e0 e gli sviluppi tecnologici futuri in questo settore saranno opportunamente sfruttati.<\/p>\n<p>Con una quota di mercato di circa il 90% a Valdaora, il nostro obiettivo principale non \u00e8 la crescita, bens\u00ec il mantenimento e il costante miglioramento della qualit\u00e0 del servizio, rimanendo aperti nei confronti delle nuove possibilit\u00e0 date dalla tecnologia.[\/vc_column_text][mk_padding_divider size=&#8221;100&#8243;][\/vc_column_inner][\/vc_row_inner][\/vc_column][\/vc_row]\n<\/div>","protected":false},"excerpt":{"rendered":"<p>[vc_row][vc_column][mk_padding_divider size=&#8221;20&#8243;][\/vc_column][\/vc_row][mk_page_section bg_image=&#8221;https:\/\/www.fho.bz.it\/heiz2_\/wp-content\/uploads\/fernheiwerk-olang-werk-aussen2-1.jpg&#8221; bg_position=&#8221;center center&#8221; bg_repeat=&#8221;no-repeat&#8221; bg_stretch=&#8221;true&#8221; video_loop=&#8221;false&#8221; video_opacity=&#8221;0&#8243; min_height=&#8221;0&#8243; padding_top=&#8221;0&#8243; padding_bottom=&#8221;0&#8243; el_class=&#8221;big-image&#8221; sidebar=&#8221;sidebar-1&#8243; first_page=&#8221;false&#8221; last_page=&#8221;false&#8221;][vc_column][\/vc_column][\/mk_page_section][vc_row][vc_column][mk_padding_divider][mk_fancy_title color=&#8221;#329c32&#8243; size=&#8221;36&#8243; force_font_size=&#8221;true&#8221; size_tablet=&#8221;32&#8243; size_phone=&#8221;26&#8243; font_weight=&#8221;bold&#8221; txt_transform=&#8221;uppercase&#8221; margin_top=&#8221;60&#8243; margin_bottom=&#8221;50&#8243; font_family=&#8221;Roboto+Slab&#8221; font_type=&#8221;google&#8221; align=&#8221;center&#8221; animation=&#8221;fade-in&#8221;]Dati tecnici della centrale di teleriscaldamento[\/mk_fancy_title][vc_row_inner][vc_column_inner][vc_column_text align=&#8221;center&#8221; margin_bottom=&#8221;50&#8243;]Con la costruzione dell\u2019impianto di teleriscaldamento negli anni 1993\/1994, il comune di Valdaora \u00e8 stato un\u00a0pioniere in Alto Adige nel [&hellip;]<\/p>\n","protected":false},"author":1,"featured_media":0,"parent":0,"menu_order":0,"comment_status":"closed","ping_status":"closed","template":"","meta":{"footnotes":""},"class_list":["post-5988","page","type-page","status-publish","hentry"],"_links":{"self":[{"href":"https:\/\/www.fho.bz.it\/it\/wp-json\/wp\/v2\/pages\/5988","targetHints":{"allow":["GET"]}}],"collection":[{"href":"https:\/\/www.fho.bz.it\/it\/wp-json\/wp\/v2\/pages"}],"about":[{"href":"https:\/\/www.fho.bz.it\/it\/wp-json\/wp\/v2\/types\/page"}],"author":[{"embeddable":true,"href":"https:\/\/www.fho.bz.it\/it\/wp-json\/wp\/v2\/users\/1"}],"replies":[{"embeddable":true,"href":"https:\/\/www.fho.bz.it\/it\/wp-json\/wp\/v2\/comments?post=5988"}],"version-history":[{"count":5,"href":"https:\/\/www.fho.bz.it\/it\/wp-json\/wp\/v2\/pages\/5988\/revisions"}],"predecessor-version":[{"id":6100,"href":"https:\/\/www.fho.bz.it\/it\/wp-json\/wp\/v2\/pages\/5988\/revisions\/6100"}],"wp:attachment":[{"href":"https:\/\/www.fho.bz.it\/it\/wp-json\/wp\/v2\/media?parent=5988"}],"curies":[{"name":"wp","href":"https:\/\/api.w.org\/{rel}","templated":true}]}}